{"id":8007,"date":"2022-11-14T21:30:45","date_gmt":"2022-11-14T19:30:45","guid":{"rendered":"http:\/\/helid.ee\/?page_id=8007"},"modified":"2025-12-08T23:12:07","modified_gmt":"2025-12-08T21:12:07","slug":"gong-session","status":"publish","type":"page","link":"https:\/\/helid.ee\/et\/gong-session\/","title":{"rendered":"Gongiseansid"},"content":{"rendered":"<div data-elementor-type=\"wp-page\" data-elementor-id=\"8007\" class=\"elementor elementor-8007\">\n\t\t\t\t\t\t<section class=\"elementor-section elementor-top-section elementor-element elementor-element-785f0d69 elementor-section-boxed elementor-section-height-default elementor-section-height-default wpr-particle-no wpr-jarallax-no wpr-parallax-no wpr-sticky-section-no\" data-id=\"785f0d69\" data-element_type=\"section\" data-e-type=\"section\">\n\t\t\t\t\t\t<div class=\"elementor-container elementor-column-gap-default\">\n\t\t\t\t\t<div class=\"elementor-column elementor-col-100 elementor-top-column elementor-element elementor-element-39f4f636\" data-id=\"39f4f636\" data-element_type=\"column\" data-e-type=\"column\">\n\t\t\t<div class=\"elementor-widget-wrap elementor-element-populated\">\n\t\t\t\t\t\t\t<\/div>\n\t\t<\/div>\n\t\t\t\t\t<\/div>\n\t\t<\/section>\n\t\t\t\t<section class=\"elementor-section elementor-top-section elementor-element elementor-element-880041e elementor-section-boxed elementor-section-height-default elementor-section-height-default wpr-particle-no wpr-jarallax-no wpr-parallax-no wpr-sticky-section-no\" data-id=\"880041e\" data-element_type=\"section\" data-e-type=\"section\">\n\t\t\t\t\t\t<div class=\"elementor-container elementor-column-gap-default\">\n\t\t\t\t\t<div class=\"elementor-column elementor-col-100 elementor-top-column elementor-element elementor-element-932bad8\" data-id=\"932bad8\" data-element_type=\"column\" data-e-type=\"column\">\n\t\t\t<div class=\"elementor-widget-wrap elementor-element-populated\">\n\t\t\t\t\t\t<div class=\"elementor-element elementor-element-bb8ad3a elementor-widget elementor-widget-text-editor\" data-id=\"bb8ad3a\" data-element_type=\"widget\" data-e-type=\"widget\" data-widget_type=\"text-editor.default\">\n\t\t\t\t<div class=\"elementor-widget-container\">\n\t\t\t\t\t\t\t\t\t<p class=\"p1\">\u041c\u0430\u0441\u0441\u0430\u0436 \u043f\u043e\u044e\u0449\u0435\u0439 \u0447\u0430\u0448\u0435\u0439 \u2014 \u0434\u0440\u0435\u0432\u043d\u0438\u0439 \u0442\u0438\u0431\u0435\u0442\u0441\u043a\u0438\u0439 \u043c\u0435\u0442\u043e\u0434 \u0440\u0430\u0441\u0441\u043b\u0430\u0431\u043b\u0435\u043d\u0438\u044f \u0438 \u0432\u043e\u0441\u0441\u0442\u0430\u043d\u043e\u0432\u043b\u0435\u043d\u0438\u044f \u0437\u0434\u043e\u0440\u043e\u0432\u044c\u044f \u0438 \u0446\u0435\u043b\u043e\u0441\u0442\u043d\u043e\u0441\u0442\u0438, \u0434\u043e\u0448\u0435\u0434\u0448\u0438\u0439 \u0434\u043e \u043d\u0430\u0441 \u0438\u0437 \u0433\u043b\u0443\u0431\u0438\u043d \u0432\u0435\u043a\u043e\u0432. \u042d\u0442\u043e\u0442 \u043c\u0435\u0442\u043e\u0434 \u0437\u0432\u0443\u043a\u043e\u0432\u043e\u0439 \u0442\u0435\u0440\u0430\u043f\u0438\u0438 \u0432\u0445\u043e\u0434\u0438\u0442 \u0432 \u0442\u0438\u0431\u0435\u0442\u0441\u043a\u0443\u044e \u043d\u0430\u0434\u0430 \u043c\u0435\u0434\u0438\u0446\u0438\u043d\u0443 \u0438 \u043f\u0435\u0440\u0435\u0434\u0430\u0432\u0430\u043b\u0441\u044f \u043b\u0430\u043c\u0430\u043c\u0438 \u043f\u043e \u0446\u0435\u043f\u0438 \u0443\u0447\u0435\u043d\u0438\u0447\u0435\u0441\u043a\u043e\u0439 \u043f\u0440\u0435\u0435\u043c\u0441\u0442\u0432\u0435\u043d\u043d\u043e\u0441\u0442\u0438. \u042d\u0442\u043e \u0432\u0438\u0434 \u043c\u0430\u0441\u0441\u0430\u0436\u0430 \u0437\u0430\u0440\u0435\u043a\u043e\u043c\u0435\u043d\u0434\u043e\u0432\u0430\u043b \u0441\u0435\u0431\u044f \u0441\u0432\u043e\u0435\u0439 \u044d\u0444\u0444\u0435\u043a\u0442\u0438\u0432\u043d\u043e\u0441\u0442\u044c\u044e.<\/p><p>\u00a0<\/p><p class=\"p1\">Kauss, \u00f5rnalt kehal liikudes, tekitab vibratsioone, mis \u00f5rnalt masseerides tungivad l\u00e4bi k\u00f5igi kudede ja siseorganite, kuhu tavaliselt ei ulatu mass\u00f6\u00f6ri k\u00e4ed. Inimene sukeldub s\u00fcgavasse l\u00f5dvestunud olekusse, mis tavaliselt tekib unen\u00e4o ajal. Sel ajal toimub keha t\u00e4ielik \u00fcmberlaadimine, aktiveerub paras\u00fcmpaatiline s\u00fcsteem, kehas suureneb \u00f5nnehormoonide tootmine: serotoniin, dopamiin, endorfiin, v\u00e4heneb stressihormoonide hulk.<\/p><p>\u00a0<\/p><p class=\"p1\">Inimene siseneb ressursiseisundisse, kus keha hakkab ise ennast, t\u00e4nu loomulikele mehhanismidele taastama. Ajulained aeglustuvad teeta ja delta tasandini, toimub ajupoolkerade s\u00fcnkroniseerumine, tekib \u00fchendus alateadvusega, tugevneb intuitsioon, loominguline v\u00f5imekus ja paraneb unekvaliteet.<\/p><p class=\"p1\">\u00a0<\/p><p class=\"p1\"><strong>Helimassaa\u017a:<\/strong><\/p><ul><li class=\"p1\">suurendab eluenergiat<\/li><li class=\"p1\">normaliseerib verer\u00f5hku<\/li><li class=\"p1\">taastab immuunsust<\/li><li class=\"p1\">aitab vabastada pingeid<\/li><li class=\"p1\">\u0440\u0430\u0441\u0441\u043b\u0430\u0431\u0438\u0442\u044c\u0441\u044f \u0444\u0438\u0437\u0438\u0447\u0435\u0441\u043a\u0438 \u0438 \u044d\u043c\u043e\u0446\u0438\u043e\u043d\u0430\u043b\u044c\u043d\u043e,<\/li><li class=\"p1\">aitab vabaneda unetusest<\/li><li class=\"p1\">tasakaalustab ajukerade t\u00f6\u00f6d<\/li><li class=\"p1\">parandab keskendumisv\u00f5imet , edendab loovust,<\/li><li class=\"p1\">harmoniseerib hingamise protsessi<\/li><li class=\"p1\">parandab kuulmist<\/li><li class=\"p1\">aotab luuvigastuste parandamisel ja liigeste valude leevendamisel<\/li><\/ul><p class=\"p1\"><strong>Helimassaa\u017ai eelised:<\/strong><\/p><ul><li class=\"p1\">Tehakse olles riietes<\/li><li class=\"p1\">Tugev ning kauakestev m\u00f5ju<\/li><li class=\"p1\">V\u00f5rreldes klassikalise massaa\u017eiga m\u00f5ju lihastele ja kudedele pehmem aga samas s\u00fcgavam<\/li><li class=\"p1\">Vabastab pingetest nii f\u00fc\u00fcsilisel, kui ka emotsionaalsel tasandil. See on v\u00f5rdlematu nauding<\/li><\/ul>\t\t\t\t\t\t\t\t<\/div>\n\t\t\t\t<\/div>\n\t\t\t\t\t<\/div>\n\t\t<\/div>\n\t\t\t\t\t<\/div>\n\t\t<\/section>\n\t\t\t\t<section class=\"elementor-section elementor-top-section elementor-element elementor-element-320d4f1 elementor-section-boxed elementor-section-height-default elementor-section-height-default wpr-particle-no wpr-jarallax-no wpr-parallax-no wpr-sticky-section-no\" data-id=\"320d4f1\" data-element_type=\"section\" data-e-type=\"section\">\n\t\t\t\t\t\t<div class=\"elementor-container elementor-column-gap-default\">\n\t\t\t\t\t<div class=\"elementor-column elementor-col-100 elementor-top-column elementor-element elementor-element-24748d5\" data-id=\"24748d5\" data-element_type=\"column\" data-e-type=\"column\">\n\t\t\t<div class=\"elementor-widget-wrap elementor-element-populated\">\n\t\t\t\t\t\t<div class=\"elementor-element elementor-element-5e8006d elementor-widget elementor-widget-shortcode\" data-id=\"5e8006d\" data-element_type=\"widget\" data-e-type=\"widget\" data-widget_type=\"shortcode.default\">\n\t\t\t\t<div class=\"elementor-widget-container\">\n\t\t\t\t\t\t\t<div class=\"elementor-shortcode\">\n<table id=\"tablepress-1\" class=\"tablepress tablepress-id-1\">\n<thead>\n<tr class=\"row-1\">\n\t<td class=\"column-1\"><\/td><th class=\"column-2\"><a href=\"http:\/\/helid.ee\/individual-sessions\/tibetian-cups-massage\/\" rel=\"noopener\" target=\"_blank\">\u0427\u0430\u0448\u0438<\/a><\/th><th class=\"column-3\"><a href=\"http:\/\/helid.ee\/%d0%b3%d0%be%d0%bd%d0%b3-%d1%81%d0%b5%d0%b0%d0%bd%d1%81\/\" rel=\"noopener\" target=\"_blank\">Gongid<\/a><\/th>\n<\/tr>\n<\/thead>\n<tbody class=\"row-striping row-hover\">\n<tr class=\"row-2\">\n\t<td class=\"column-1\">\u0424\u0438\u0437\u0438\u0447\u0435\u0441\u043a\u0438\u0439 \u043a\u043e\u043d\u0442\u0430\u043a\u0442 \u0441 \u0442\u0435\u043b\u043e\u043c<\/td><td class=\"column-2\">\u0414\u0430 (\u0432 \u043e\u0434\u0435\u0436\u0434\u0435)<\/td><td class=\"column-3\">\u041d\u0435\u0442 (\u043f\u043e \u0432\u043e\u0437\u0434\u0443\u0445\u0443)<\/td>\n<\/tr>\n<tr class=\"row-3\">\n\t<td class=\"column-1\">S\u00fcgav l\u00f5\u00f5gastus<\/td><td class=\"column-2\">\u0414\u0430<\/td><td class=\"column-3\">\u0414\u0430<\/td>\n<\/tr>\n<tr class=\"row-4\">\n\t<td class=\"column-1\">\u041e\u0442\u043f\u0443\u0441\u043a\u0430\u043d\u0438\u0435 \u0433\u043b\u0443\u0431\u0438\u043d\u043d\u044b\u0445 \u0441\u0442\u0440\u0430\u0445\u043e\u0432<\/td><td class=\"column-2\">\u041d\u0435\u0442<\/td><td class=\"column-3\">\u0414\u0430<\/td>\n<\/tr>\n<tr class=\"row-5\">\n\t<td class=\"column-1\">\u042f\u0440\u043a\u0438\u0439 \u0437\u0432\u0443\u043a\u043e\u0432\u043e\u0439 \u043e\u043f\u044b\u0442<\/td><td class=\"column-2\">\u041d\u0435\u0442<\/td><td class=\"column-3\">\u0414\u0430<\/td>\n<\/tr>\n<tr class=\"row-6\">\n\t<td class=\"column-1\">\u041e\u0449\u0443\u0449\u0435\u043d\u0438\u0435 \u043f\u043e\u043b\u0435\u0442\u0430<\/td><td class=\"column-2\">\u041d\u0435\u0442<\/td><td class=\"column-3\">\u0414\u0430<\/td>\n<\/tr>\n<\/tbody>\n<\/table>\n<\/div>\n\t\t\t\t\t\t<\/div>\n\t\t\t\t<\/div>\n\t\t\t\t\t<\/div>\n\t\t<\/div>\n\t\t\t\t\t<\/div>\n\t\t<\/section>\n\t\t\t\t<section class=\"elementor-section elementor-top-section elementor-element elementor-element-3260a48 elementor-section-boxed elementor-section-height-default elementor-section-height-default wpr-particle-no wpr-jarallax-no wpr-parallax-no wpr-sticky-section-no\" data-id=\"3260a48\" data-element_type=\"section\" data-e-type=\"section\">\n\t\t\t\t\t\t<div class=\"elementor-container elementor-column-gap-default\">\n\t\t\t\t\t<div class=\"elementor-column elementor-col-100 elementor-top-column elementor-element elementor-element-d515497\" data-id=\"d515497\" data-element_type=\"column\" data-e-type=\"column\">\n\t\t\t<div class=\"elementor-widget-wrap elementor-element-populated\">\n\t\t\t\t\t\t<div class=\"elementor-element elementor-element-7797902 elementor-widget elementor-widget-text-editor\" data-id=\"7797902\" data-element_type=\"widget\" data-e-type=\"widget\" data-widget_type=\"text-editor.default\">\n\t\t\t\t<div class=\"elementor-widget-container\">\n\t\t\t\t\t\t\t\t\t<p class=\"p1\"><strong>Maksumus<\/strong><\/p><p class=\"p1\">65\u20ac \/ 1-1,5 tundi<\/p><p>10 seansi kuur - 550 eur<\/p><p class=\"p1\">V\u00f5imalik tellida <a href=\"https:\/\/helid.ee\/gift-cards\/\" target=\"_blank\" rel=\"noopener\">kinkekaarti<\/a>.<\/p><p class=\"p1\">Broneerimine e-maili v\u00f5i telefoni teel<\/p><p class=\"p1\">+372 562 852 29 \/ +372 559 30 551<\/p><p class=\"p1\"><a href=\"mailto:info@helid.ee\">info@helid.ee<\/a><\/p>\t\t\t\t\t\t\t\t<\/div>\n\t\t\t\t<\/div>\n\t\t\t\t\t<\/div>\n\t\t<\/div>\n\t\t\t\t\t<\/div>\n\t\t<\/section>\n\t\t\t\t<\/div>","protected":false},"excerpt":{"rendered":"<p>\u041c\u0430\u0441\u0441\u0430\u0436 \u043f\u043e\u044e\u0449\u0435\u0439 \u0447\u0430\u0448\u0435\u0439 \u2014 \u0434\u0440\u0435\u0432\u043d\u0438\u0439 \u0442\u0438\u0431\u0435\u0442\u0441\u043a\u0438\u0439 \u043c\u0435\u0442\u043e\u0434 \u0440\u0430\u0441\u0441\u043b\u0430\u0431\u043b\u0435\u043d\u0438\u044f \u0438 \u0432\u043e\u0441\u0441\u0442\u0430\u043d\u043e\u0432\u043b\u0435\u043d\u0438\u044f \u0437\u0434\u043e\u0440\u043e\u0432\u044c\u044f \u0438 \u0446\u0435\u043b\u043e\u0441\u0442\u043d\u043e\u0441\u0442\u0438, \u0434\u043e\u0448\u0435\u0434\u0448\u0438\u0439 \u0434\u043e \u043d\u0430\u0441 \u0438\u0437 \u0433\u043b\u0443\u0431\u0438\u043d \u0432\u0435\u043a\u043e\u0432. \u042d\u0442\u043e\u0442 \u043c\u0435\u0442\u043e\u0434 \u0437\u0432\u0443\u043a\u043e\u0432\u043e\u0439 \u0442\u0435\u0440\u0430\u043f\u0438\u0438 \u0432\u0445\u043e\u0434\u0438\u0442 \u0432 \u0442\u0438\u0431\u0435\u0442\u0441\u043a\u0443\u044e \u043d\u0430\u0434\u0430 \u043c\u0435\u0434\u0438\u0446\u0438\u043d\u0443 \u0438 \u043f\u0435\u0440\u0435\u0434\u0430\u0432\u0430\u043b\u0441\u044f \u043b\u0430\u043c\u0430\u043c\u0438 \u043f\u043e \u0446\u0435\u043f\u0438 \u0443\u0447\u0435\u043d\u0438\u0447\u0435\u0441\u043a\u043e\u0439 \u043f\u0440\u0435\u0435\u043c\u0441\u0442\u0432\u0435\u043d\u043d\u043e\u0441\u0442\u0438. \u042d\u0442\u043e \u0432\u0438\u0434 \u043c\u0430\u0441\u0441\u0430\u0436\u0430 \u0437\u0430\u0440\u0435\u043a\u043e\u043c\u0435\u043d\u0434\u043e\u0432\u0430\u043b \u0441\u0435\u0431\u044f \u0441\u0432\u043e\u0435\u0439 \u044d\u0444\u0444\u0435\u043a\u0442\u0438\u0432\u043d\u043e\u0441\u0442\u044c\u044e. \u00a0 \u0427\u0430\u0448\u0430, \u043f\u043b\u0430\u0432\u043d\u043e \u043f\u0435\u0440\u0435\u0434\u0432\u0438\u0433\u0430\u044f\u0441\u044c \u043f\u043e \u0442\u0435\u043b\u0443, \u0441\u043e\u0437\u0434\u0430\u0451\u0442 \u0432\u0438\u0431\u0440\u0430\u0446\u0438\u0438, \u043a\u043e\u0442\u043e\u0440\u044b\u0435 \u043c\u044f\u0433\u043a\u043e \u043c\u0430\u0441\u0441\u0438\u0440\u0443\u044f, \u043f\u0440\u043e\u043d\u0438\u043a\u0430\u044e\u0442 \u0432\u043e \u0432\u0441\u0435 \u0442\u043a\u0430\u043d\u0438 \u0438 \u0432\u043d\u0443\u0442\u0440\u0435\u043d\u043d\u0438\u0435 \u043e\u0440\u0433\u0430\u043d\u044b, \u043a\u0443\u0434\u0430 \u043e\u0431\u044b\u0447\u043d\u043e \u043d\u0435 \u043c\u043e\u0433\u0443\u0442 \u0434\u043e\u0441\u0442\u0430\u0442\u044c \u0440\u0443\u043a\u0438 \u043c\u0430\u0441\u0441\u0430\u0436\u0438\u0441\u0442\u0430. \u0427\u0435\u043b\u043e\u0432\u0435\u043a \u043f\u043e\u0433\u0440\u0443\u0436\u0430\u0435\u0442\u0441\u044f \u0432 \u0433\u043b\u0443\u0431\u043e\u043a\u043e\u0435 \u0440\u0430\u0441\u0441\u043b\u0430\u0431\u043b\u0435\u043d\u043d\u043e\u0435 \u0441\u043e\u0441\u0442\u043e\u044f\u043d\u0438\u0435, \u0432\u043e\u0437\u043d\u0438\u043a\u0430\u044e\u0449\u0435\u0435 \u043e\u0431\u044b\u0447\u043d\u043e \u0432\u043e \u0432\u0440\u0435\u043c\u044f \u043d\u043e\u0447\u043d\u043e\u0433\u043e \u0441\u043d\u0430. \u041f\u0440\u0438 \u044d\u0442\u043e\u043c, \u043f\u0440\u043e\u0438\u0441\u0445\u043e\u0434\u0438\u0442 \u043f\u043e\u043b\u043d\u0430\u044f \u043f\u0435\u0440\u0435\u0437\u0430\u0433\u0440\u0443\u0437\u043a\u0430 \u043e\u0440\u0433\u0430\u043d\u0438\u0437\u043c\u0430, \u0430\u043a\u0442\u0438\u0432\u0438\u0440\u0443\u0435\u0442\u0441\u044f \u043f\u0430\u0440\u0430\u0441\u0438\u043c\u043f\u0430\u0442\u0438\u0447\u0435\u0441\u043a\u0430\u044f \u0441\u0438\u0441\u0442\u0435\u043c\u0430, \u0432 \u043e\u0440\u0433\u0430\u043d\u0438\u0437\u043c\u0435 \u0443\u0432\u0435\u043b\u0438\u0447\u0438\u0432\u0430\u0435\u0442\u0441\u044f \u0432\u044b\u0440\u0430\u0431\u043e\u0442\u043a\u0430 \u0433\u043e\u0440\u043c\u043e\u043d\u043e\u0432 \u0441\u0447\u0430\u0441\u0442\u044c\u044f: \u0441\u0435\u0440\u043e\u0442\u043e\u043d\u0438\u043d\u0430, \u0434\u043e\u0444\u0430\u043c\u0438\u043d\u0430, \u044d\u043d\u0434\u043e\u0440\u0444\u0438\u043d\u0430, \u0443\u043c\u0435\u043d\u044c\u0448\u0430\u0435\u0442\u0441\u044f \u043a\u043e\u043b\u0438\u0447\u0435\u0441\u0442\u0432\u043e \u0433\u043e\u0440\u043c\u043e\u043d\u043e\u0432 \u0441\u0442\u0440\u0435\u0441\u0441\u0430. \u00a0 \u0427\u0435\u043b\u043e\u0432\u0435\u043a \u0432\u0445\u043e\u0434\u0438\u0442 \u0432 \u0440\u0435\u0441\u0443\u0440\u0441\u043d\u043e\u0435 \u0441\u043e\u0441\u0442\u043e\u044f\u043d\u0438\u0435, \u0432 \u043a\u043e\u0442\u043e\u0440\u043e\u043c \u0442\u0435\u043b\u043e, \u0431\u043b\u0430\u0433\u043e\u0434\u0430\u0440\u044f \u043f\u0440\u0438\u0440\u043e\u0434\u043d\u044b\u043c \u043c\u0435\u0445\u0430\u043d\u0438\u0437\u043c\u0430\u043c \u0441\u0430\u043c\u043e\u0440\u0435\u0433\u0443\u043b\u044f\u0446\u0438\u0438, \u043d\u0430\u0447\u0438\u043d\u0430\u0435\u0442 \u0432\u043e\u0441\u0441\u0442\u0430\u043d\u0430\u0432\u043b\u0438\u0432\u0430\u0442\u044c\u0441\u044f. \u041c\u043e\u0437\u0433\u043e\u0432\u044b\u0435 \u0432\u043e\u043b\u043d\u044b \u0437\u0430\u043c\u0435\u0434\u043b\u044f\u044e\u0442\u0441\u044f \u0434\u043e \u0442\u0435\u0442\u0430 \u0438 \u0434\u0435\u043b\u044c\u0442\u0430 \u0443\u0440\u043e\u0432\u043d\u044f, \u043f\u0440\u043e\u0438\u0441\u0445\u043e\u0434\u0438\u0442 \u0441\u0438\u043d\u0445\u0440\u043e\u043d\u0438\u0437\u0430\u0446\u0438\u044f \u043f\u043e\u043b\u0443\u0448\u0430\u0440\u0438\u0439, \u043d\u0430\u043b\u0430\u0436\u0438\u0432\u0430\u0435\u0442\u0441\u044f \u0441\u0432\u044f\u0437\u044c \u0441 \u043f\u043e\u0434\u0441\u043e\u0437\u043d\u0430\u043d\u0438\u0435\u043c, \u0443\u0441\u0438\u043b\u0438\u0432\u0430\u0435\u0442\u0441\u044f \u0438\u043d\u0442\u0443\u0438\u0446\u0438\u044f, \u0442\u0432\u043e\u0440\u0447\u0435\u0441\u043a\u0438\u0435 \u0441\u043f\u043e\u0441\u043e\u0431\u043d\u043e\u0441\u0442\u0438, \u0443\u043b\u0443\u0447\u0448\u0430\u0435\u0442\u0441\u044f \u043a\u0430\u0447\u0435\u0441\u0442\u0432\u043e \u0441\u043d\u0430. \u00a0 \u0417\u0412\u0423\u041a\u041e\u0412\u041e\u0419 \u041c\u0410\u0421\u0421\u0410\u0416 \u041f\u041e\u041c\u041e\u0413\u0410\u0415\u0422 \u043f\u043e\u0434\u043d\u044f\u0442\u044c \u0443\u0440\u043e\u0432\u0435\u043d\u044c \u0436\u0438\u0437\u043d\u0435\u043d\u043d\u043e\u0439 \u044d\u043d\u0435\u0440\u0433\u0438\u0438, \u043d\u043e\u0440\u043c\u0430\u043b\u0438\u0437\u043e\u0432\u0430\u0442\u044c \u0430\u0440\u0442\u0435\u0440\u0438\u0430\u043b\u044c\u043d\u043e\u0435 \u0434\u0430\u0432\u043b\u0435\u043d\u0438\u0435, \u0432\u043e\u0441\u0441\u0442\u0430\u043d\u043e\u0432\u0438\u0442\u044c \u0438\u043c\u043c\u0443\u043d\u043d\u0443\u044e \u0441\u0438\u0441\u0442\u0435\u043c\u0443, \u0438\u0437\u0431\u0430\u0432\u0438\u0442\u044c\u0441\u044f \u043e\u0442 \u0432\u044b\u0437\u0432\u0430\u043d\u043d\u044b\u0445 \u0441\u0442\u0440\u0435\u0441\u0441\u0430\u043c\u0438 \u0438 \u043d\u0435\u0433\u0430\u0442\u0438\u0432\u043d\u044b\u043c\u0438 \u044d\u043c\u043e\u0446\u0438\u044f\u043c\u0438 \u0437\u0430\u0436\u0438\u043c\u043e\u0432 \u043d\u0430 \u0444\u0438\u0437\u0438\u0447\u0435\u0441\u043a\u043e\u043c \u0443\u0440\u043e\u0432\u043d\u0435, \u0440\u0430\u0441\u0441\u043b\u0430\u0431\u0438\u0442\u044c\u0441\u044f \u0444\u0438\u0437\u0438\u0447\u0435\u0441\u043a\u0438 \u0438 \u044d\u043c\u043e\u0446\u0438\u043e\u043d\u0430\u043b\u044c\u043d\u043e, \u0438\u0437\u0431\u0430\u0432\u0438\u0442\u044c\u0441\u044f \u043e\u0442 \u0431\u0435\u0441\u0441\u043e\u043d\u043d\u0438\u0446\u044b, \u0441\u0438\u043d\u0445\u0440\u043e\u043d\u0438\u0437\u0438\u0440\u043e\u0432\u0430\u0442\u044c \u0440\u0430\u0431\u043e\u0442\u0443 \u043f\u0440\u0430\u0432\u043e\u0433\u043e \u0438 \u043b\u0435\u0432\u043e\u0433\u043e \u043f\u043e\u043b\u0443\u0448\u0430\u0440\u0438\u0439 \u043c\u043e\u0437\u0433\u0430, \u0443\u043b\u0443\u0447\u0448\u0438\u0442\u044c \u0441\u043f\u043e\u0441\u043e\u0431\u043d\u043e\u0441\u0442\u044c \u043a \u0441\u043e\u0441\u0440\u0435\u0434\u043e\u0442\u043e\u0447\u0435\u043d\u0438\u044e \u0438 \u043f\u043e\u0432\u044b\u0441\u0438\u0442\u044c \u0442\u0432\u043e\u0440\u0447\u0435\u0441\u043a\u0438\u0435 \u0441\u043f\u043e\u0441\u043e\u0431\u043d\u043e\u0441\u0442\u0438, \u0433\u0430\u0440\u043c\u043e\u043d\u0438\u0437\u0438\u0440\u043e\u0432\u0430\u0442\u044c \u043f\u0440\u043e\u0446\u0435\u0441\u0441 \u0434\u044b\u0445\u0430\u043d\u0438\u044f, \u0447\u0442\u043e, \u0441\u0430\u043c\u043e \u043f\u043e \u0441\u0435\u0431\u0435, \u043c\u043e\u0436\u0435\u0442 \u0438\u0437\u0431\u0430\u0432\u0438\u0442\u044c \u043e\u0442 \u043c\u043d\u043e\u0436\u0435\u0441\u0442\u0432\u0430 \u043f\u0440\u043e\u0431\u043b\u0435\u043c, \u0443\u043b\u0443\u0447\u0448\u0438\u0442\u044c \u0441\u043b\u0443\u0445, \u043f\u0440\u0438 \u0432\u043e\u0441\u0441\u0442\u0430\u043d\u043e\u0432\u043b\u0435\u043d\u0438\u0438 \u043a\u043e\u0441\u0442\u043d\u043e\u0439 \u0441\u0438\u0441\u0442\u0435\u043c\u044b. \u041f\u043b\u044e\u0441\u044b \u0442\u0430\u043a\u043e\u0433\u043e \u043c\u0430\u0441\u0441\u0430\u0436\u0430 \u043c\u0430\u0441\u0441\u0430\u0436 \u0432\u044b\u043f\u043e\u043b\u043d\u044f\u0435\u0442\u0441\u044f \u0432 \u043e\u0434\u0435\u0436\u0434\u0435, \u0438\u043c\u0435\u0435\u0442 \u0431\u043e\u043b\u0435\u0435 \u0433\u043b\u0443\u0431\u043e\u043a\u043e\u0435 \u0432\u043e\u0437\u0434\u0435\u0439\u0441\u0442\u0432\u0438\u0435, \u0441\u0438\u043b\u044c\u043d\u044b\u0439 \u043f\u0440\u043e\u0434\u043e\u043b\u0436\u0438\u0442\u0435\u043b\u044c\u043d\u044b\u0439 \u044d\u0444\u0444\u0435\u043a\u0442, \u043e\u0441\u0432\u043e\u0431\u043e\u0436\u0434\u0430\u0435\u0442 \u043e\u0442 \u043b\u044e\u0431\u043e\u0433\u043e \u043d\u0430\u043f\u0440\u044f\u0436\u0435\u043d\u0438\u044f \u043d\u0430 \u0444\u0438\u0437\u0438\u0447\u0435\u0441\u043a\u043e\u043c \u0438 \u044d\u043c\u043e\u0446\u0438\u043e\u043d\u0430\u043b\u044c\u043d\u043e\u043c \u0443\u0440\u043e\u0432\u043d\u0435, \u0438, \u043a\u043e\u043d\u0435\u0447\u043d\u043e \u0436\u0435, \u044d\u0442\u043e \u043d\u0438 \u0441 \u0447\u0435\u043c \u043d\u0435 \u0441\u0440\u0430\u0432\u043d\u0438\u043c\u043e\u0435 \u0443\u0434\u043e\u0432\u043e\u043b\u044c\u0441\u0442\u0432\u0438\u0435! \u0421\u0422\u041e\u0418\u041c\u041e\u0421\u0422\u042c 65\u20ac \u0437\u0430 1-1.5 \u0447\u0430\u0441\u0430 (\u0437\u0430\u0432\u0438\u0441\u0438\u0442 \u043e\u0442 \u043a\u043e\u043c\u043f\u043b\u0435\u043a\u0446\u0438\u0438 \u0442\u0435\u043b\u0430) \u041a\u0443\u0440\u0441 10 \u0441\u0435\u0430\u043d\u0441\u043e\u0432 \u0437\u0430 550\u20ac. \u0415\u0441\u0442\u044c \u0432\u043e\u0437\u043c\u043e\u0436\u043d\u043e\u0441\u0442\u044c \u0437\u0430\u043a\u0430\u0437\u0430\u0442\u044c \u043f\u043e\u0434\u0430\u0440\u043e\u0447\u043d\u0443\u044e \u043a\u0430\u0440\u0442\u0443. \u0411\u0440\u043e\u043d\u0438\u0440\u043e\u0432\u0430\u043d\u0438\u0435 \u043f\u043e \u0442\u0435\u043b\u0435\u0444\u043e\u043d\u0443 \u0438\u043b\u0438 \u0435-\u043c\u0435\u0439\u043b\u0443. +372 562 852 29 \/ +372 559 30 551 info@helid.ee<\/p>","protected":false},"author":1,"featured_media":0,"parent":0,"menu_order":0,"comment_status":"closed","ping_status":"closed","template":"","meta":{"footnotes":""},"class_list":["post-8007","page","type-page","status-publish","hentry"],"_links":{"self":[{"href":"https:\/\/helid.ee\/et\/wp-json\/wp\/v2\/pages\/8007","targetHints":{"allow":["GET"]}}],"collection":[{"href":"https:\/\/helid.ee\/et\/wp-json\/wp\/v2\/pages"}],"about":[{"href":"https:\/\/helid.ee\/et\/wp-json\/wp\/v2\/types\/page"}],"author":[{"embeddable":true,"href":"https:\/\/helid.ee\/et\/wp-json\/wp\/v2\/users\/1"}],"replies":[{"embeddable":true,"href":"https:\/\/helid.ee\/et\/wp-json\/wp\/v2\/comments?post=8007"}],"version-history":[{"count":11,"href":"https:\/\/helid.ee\/et\/wp-json\/wp\/v2\/pages\/8007\/revisions"}],"predecessor-version":[{"id":11091,"href":"https:\/\/helid.ee\/et\/wp-json\/wp\/v2\/pages\/8007\/revisions\/11091"}],"wp:attachment":[{"href":"https:\/\/helid.ee\/et\/wp-json\/wp\/v2\/media?parent=8007"}],"curies":[{"name":"wp","href":"https:\/\/api.w.org\/{rel}","templated":true}]}}