{"id":8003,"date":"2022-11-14T21:29:21","date_gmt":"2022-11-14T19:29:21","guid":{"rendered":"http:\/\/helid.ee\/?page_id=8003"},"modified":"2024-12-05T14:41:18","modified_gmt":"2024-12-05T12:41:18","slug":"tibetian-cups-massage","status":"publish","type":"page","link":"https:\/\/helid.ee\/et\/individual-sessions\/tibetian-cups-massage\/","title":{"rendered":"<strong>Tiibeti vibroakustiline massasa\u017a helikaussidega<\/strong>"},"content":{"rendered":"<div data-elementor-type=\"wp-page\" data-elementor-id=\"8003\" class=\"elementor elementor-8003\">\n\t\t\t\t\t\t<section class=\"elementor-section elementor-top-section elementor-element elementor-element-713a582 elementor-section-boxed elementor-section-height-default elementor-section-height-default wpr-particle-no wpr-jarallax-no wpr-parallax-no wpr-sticky-section-no\" data-id=\"713a582\" data-element_type=\"section\" data-e-type=\"section\">\n\t\t\t\t\t\t<div class=\"elementor-container elementor-column-gap-default\">\n\t\t\t\t\t<div class=\"elementor-column elementor-col-100 elementor-top-column elementor-element elementor-element-9d6eaa2\" data-id=\"9d6eaa2\" data-element_type=\"column\" data-e-type=\"column\">\n\t\t\t<div class=\"elementor-widget-wrap elementor-element-populated\">\n\t\t\t\t\t\t\t<\/div>\n\t\t<\/div>\n\t\t\t\t\t<\/div>\n\t\t<\/section>\n\t\t\t\t<section class=\"elementor-section elementor-top-section elementor-element elementor-element-16b498f elementor-section-boxed elementor-section-height-default elementor-section-height-default wpr-particle-no wpr-jarallax-no wpr-parallax-no wpr-sticky-section-no\" data-id=\"16b498f\" data-element_type=\"section\" data-e-type=\"section\">\n\t\t\t\t\t\t<div class=\"elementor-container elementor-column-gap-default\">\n\t\t\t\t\t<div class=\"elementor-column elementor-col-100 elementor-top-column elementor-element elementor-element-1ed0b7e\" data-id=\"1ed0b7e\" data-element_type=\"column\" data-e-type=\"column\">\n\t\t\t<div class=\"elementor-widget-wrap elementor-element-populated\">\n\t\t\t\t\t\t<div class=\"elementor-element elementor-element-941e5c5 elementor-widget elementor-widget-text-editor\" data-id=\"941e5c5\" data-element_type=\"widget\" data-e-type=\"widget\" data-widget_type=\"text-editor.default\">\n\t\t\t\t<div class=\"elementor-widget-container\">\n\t\t\t\t\t\t\t\t\t<p class=\"p1\">See on iidne ravimeetod, mis on meile p\u00e4randatud \u201emaailma katuselt\u201c \u2013 Tiibetist.<\/p><p class=\"p1\">Kauss, \u00f5rnalt kehal liikudes, tekitab vibratsioone, mis \u00f5rnalt masseerides tungivad l\u00e4bi k\u00f5igi kudede ja siseorganite, kuhu tavaliselt ei ulatu mass\u00f6\u00f6ri k\u00e4ed. Inimene sukeldub s\u00fcgavasse l\u00f5dvestunud olekusse, mis tavaliselt tekib unen\u00e4o ajal. Sel ajal toimub keha t\u00e4ielik \u00fcmberlaadimine, aktiveerub paras\u00fcmpaatiline s\u00fcsteem, kehas suureneb \u00f5nnehormoonide tootmine: serotoniin, dopamiin, endorfiin, v\u00e4heneb stressihormoonide hulk.<\/p><p class=\"p1\">Inimene siseneb ressursiseisundisse, kus keha hakkab ise ennast, t\u00e4nu loomulikele mehhanismidele taastama. Ajulained aeglustuvad teeta ja delta tasandini, toimub ajupoolkerade s\u00fcnkroniseerumine, tekib \u00fchendus alateadvusega, tugevneb intuitsioon, loominguline v\u00f5imekus ja paraneb unekvaliteet.<\/p><p class=\"p1\"><strong>Helimassaa\u017a:<\/strong><\/p><ul><li class=\"p1\">suurendab eluenergiat<\/li><li class=\"p1\">normaliseerib verer\u00f5hku<\/li><li class=\"p1\">taastab immuunsust<\/li><li class=\"p1\">aitab vabastada pingeid<\/li><li class=\"p1\">\u0440\u0430\u0441\u0441\u043b\u0430\u0431\u0438\u0442\u044c\u0441\u044f \u0444\u0438\u0437\u0438\u0447\u0435\u0441\u043a\u0438 \u0438 \u044d\u043c\u043e\u0446\u0438\u043e\u043d\u0430\u043b\u044c\u043d\u043e,<\/li><li class=\"p1\">aitab vabaneda unetusest<\/li><li class=\"p1\">tasakaalustab ajukerade t\u00f6\u00f6d<\/li><li class=\"p1\">parandab keskendumisv\u00f5imet , edendab loovust,<\/li><li class=\"p1\">harmoniseerib hingamise protsessi<\/li><li class=\"p1\">parandab kuulmist<\/li><li class=\"p1\">aotab luuvigastuste parandamisel ja liigeste valude leevendamisel<\/li><\/ul><p class=\"p1\"><strong>Helimassaa\u017ai eelised:<\/strong><\/p><ul><li class=\"p1\">Tehakse olles riietes<\/li><li class=\"p1\">Tugev ning kauakestev m\u00f5ju<\/li><li class=\"p1\">V\u00f5rreldes klassikalise massaa\u017eiga m\u00f5ju lihastele ja kudedele pehmem aga samas s\u00fcgavam<\/li><li class=\"p1\">Vabastab pingetest nii f\u00fc\u00fcsilisel, kui ka emotsionaalsel tasandil. See on v\u00f5rdlematu nauding<\/li><\/ul><p>Isegi peale \u00fche seansi saad l\u00f5\u00f5gastuse, lihaspingete leevendamise, ps\u00fchho-emotsionaalse seisundi taastamise kogemuse. See on uus kogemus ja erksad muljed kehas helivibratsiooni tundmisest ja k\u00f5rgendatud teadvuse seisunditest.<\/p><p>Pikemaajaliste ja p\u00fcsivate tervise- ja ps\u00fchho-emotsionaalsete tulemuste saamiseks soovitame l\u00e4bida helimassaa\u017ei\/-teraapia kuuri mitmest seansist.\u00a0<\/p>\t\t\t\t\t\t\t\t<\/div>\n\t\t\t\t<\/div>\n\t\t\t\t\t<\/div>\n\t\t<\/div>\n\t\t\t\t\t<\/div>\n\t\t<\/section>\n\t\t\t\t<section class=\"elementor-section elementor-top-section elementor-element elementor-element-10d80aa elementor-section-boxed elementor-section-height-default elementor-section-height-default wpr-particle-no wpr-jarallax-no wpr-parallax-no wpr-sticky-section-no\" data-id=\"10d80aa\" data-element_type=\"section\" data-e-type=\"section\">\n\t\t\t\t\t\t<div class=\"elementor-container elementor-column-gap-default\">\n\t\t\t\t\t<div class=\"elementor-column elementor-col-100 elementor-top-column elementor-element elementor-element-0ee64a3\" data-id=\"0ee64a3\" data-element_type=\"column\" data-e-type=\"column\">\n\t\t\t<div class=\"elementor-widget-wrap elementor-element-populated\">\n\t\t\t\t\t\t<div class=\"elementor-element elementor-element-ef518f3 elementor-widget elementor-widget-text-editor\" data-id=\"ef518f3\" data-element_type=\"widget\" data-e-type=\"widget\" data-widget_type=\"text-editor.default\">\n\t\t\t\t<div class=\"elementor-widget-container\">\n\t\t\t\t\t\t\t\t\t<p><strong>Maksumus<\/strong><\/p>\n<p>65\u20ac \/ 1-1,5 tundi<\/p>\n<p>10 seansi kuur - 600 eur<\/p><p>110&nbsp;<span style=\"letter-spacing: 0px;\">\u20ac - helimassaa\u017a kahele (teevad korraga 2 terapeuti)<\/span><\/p>\n<p>V\u00f5imalik tellida <a href=\"https:\/\/helid.ee\/gift-cards\/\" target=\"_blank\" rel=\"noopener\">kinkekaarti<\/a>.<\/p>\n<p>Broneerimine e-maili v\u00f5i telefoni teel<\/p>\n<p>mob\/WhatsApp +372 559 30 551 (Lilia) +372 5628 5229 (Denis)<\/p>\n<p><a href=\"mailto:info@helid.ee\">info@helid.ee<\/a><\/p>\t\t\t\t\t\t\t\t<\/div>\n\t\t\t\t<\/div>\n\t\t\t\t\t<\/div>\n\t\t<\/div>\n\t\t\t\t\t<\/div>\n\t\t<\/section>\n\t\t\t\t<\/div>","protected":false},"excerpt":{"rendered":"<p>\u041c\u0430\u0441\u0441\u0430\u0436 \u043f\u043e\u044e\u0449\u0435\u0439 \u0447\u0430\u0448\u0435\u0439 \u2014 \u0434\u0440\u0435\u0432\u043d\u0438\u0439 \u0442\u0438\u0431\u0435\u0442\u0441\u043a\u0438\u0439 \u043c\u0435\u0442\u043e\u0434 \u0440\u0430\u0441\u0441\u043b\u0430\u0431\u043b\u0435\u043d\u0438\u044f \u0438 \u0432\u043e\u0441\u0441\u0442\u0430\u043d\u043e\u0432\u043b\u0435\u043d\u0438\u044f \u0437\u0434\u043e\u0440\u043e\u0432\u044c\u044f \u0438 \u0446\u0435\u043b\u043e\u0441\u0442\u043d\u043e\u0441\u0442\u0438, \u0434\u043e\u0448\u0435\u0434\u0448\u0438\u0439 \u0434\u043e \u043d\u0430\u0441 \u0438\u0437 \u0433\u043b\u0443\u0431\u0438\u043d \u0432\u0435\u043a\u043e\u0432. \u0421\u043e\u0432\u0440\u0435\u043c\u0435\u043d\u043d\u044b\u0435 \u0438\u0441\u0441\u043b\u0435\u0434\u043e\u0432\u0430\u043d\u0438\u044f \u0437\u0430\u0440\u0435\u043a\u043e\u043c\u0435\u043d\u0434\u043e\u0432\u0430\u043b\u0438 \u044d\u0444\u0444\u0435\u043a\u0442\u0438\u0432\u043d\u043e\u0441\u0442\u044c \u044d\u0442\u043e\u0433\u043e \u0432\u0438\u0434\u0430 \u0442\u0435\u0440\u0430\u043f\u0438\u0438. \u0427\u0430\u0448\u0430, \u043f\u043b\u0430\u0432\u043d\u043e \u043f\u0435\u0440\u0435\u0434\u0432\u0438\u0433\u0430\u044f\u0441\u044c \u043f\u043e \u0442\u0435\u043b\u0443, \u0441\u043e\u0437\u0434\u0430\u0451\u0442 \u0432\u0438\u0431\u0440\u0430\u0446\u0438\u0438, \u043a\u043e\u0442\u043e\u0440\u044b\u0435 \u043c\u044f\u0433\u043a\u043e \u043c\u0430\u0441\u0441\u0438\u0440\u0443\u044f, \u043f\u0440\u043e\u043d\u0438\u043a\u0430\u044e\u0442 \u0432\u043e \u0432\u0441\u0435 \u0442\u043a\u0430\u043d\u0438 \u0438 \u0432\u043d\u0443\u0442\u0440\u0435\u043d\u043d\u0438\u0435 \u043e\u0440\u0433\u0430\u043d\u044b, \u043a\u0443\u0434\u0430 \u043e\u0431\u044b\u0447\u043d\u043e \u043d\u0435 \u043c\u043e\u0433\u0443\u0442 \u0434\u043e\u0441\u0442\u0430\u0442\u044c \u0440\u0443\u043a\u0438 \u043c\u0430\u0441\u0441\u0430\u0436\u0438\u0441\u0442\u0430. \u0427\u0435\u043b\u043e\u0432\u0435\u043a \u043f\u043e\u0433\u0440\u0443\u0436\u0430\u0435\u0442\u0441\u044f \u0432 \u0433\u043b\u0443\u0431\u043e\u043a\u043e\u0435 \u0440\u0430\u0441\u0441\u043b\u0430\u0431\u043b\u0435\u043d\u043d\u043e\u0435 \u0441\u043e\u0441\u0442\u043e\u044f\u043d\u0438\u0435, \u0432\u043e\u0437\u043d\u0438\u043a\u0430\u044e\u0449\u0435\u0435 \u043e\u0431\u044b\u0447\u043d\u043e \u0432\u043e \u0432\u0440\u0435\u043c\u044f \u043d\u043e\u0447\u043d\u043e\u0433\u043e \u0441\u043d\u0430. \u041f\u0440\u0438 \u044d\u0442\u043e\u043c, \u043f\u0440\u043e\u0438\u0441\u0445\u043e\u0434\u0438\u0442 \u043f\u043e\u043b\u043d\u0430\u044f \u043f\u0435\u0440\u0435\u0437\u0430\u0433\u0440\u0443\u0437\u043a\u0430 \u043e\u0440\u0433\u0430\u043d\u0438\u0437\u043c\u0430, \u0430\u043a\u0442\u0438\u0432\u0438\u0440\u0443\u0435\u0442\u0441\u044f \u043f\u0430\u0440\u0430\u0441\u0438\u043c\u043f\u0430\u0442\u0438\u0447\u0435\u0441\u043a\u0430\u044f \u0441\u0438\u0441\u0442\u0435\u043c\u0430, \u0432 \u043e\u0440\u0433\u0430\u043d\u0438\u0437\u043c\u0435 \u0443\u0432\u0435\u043b\u0438\u0447\u0438\u0432\u0430\u0435\u0442\u0441\u044f \u0432\u044b\u0440\u0430\u0431\u043e\u0442\u043a\u0430 \u0433\u043e\u0440\u043c\u043e\u043d\u043e\u0432 \u0441\u0447\u0430\u0441\u0442\u044c\u044f: \u0441\u0435\u0440\u043e\u0442\u043e\u043d\u0438\u043d\u0430, \u0434\u043e\u0444\u0430\u043c\u0438\u043d\u0430, \u044d\u043d\u0434\u043e\u0440\u0444\u0438\u043d\u0430, \u0443\u043c\u0435\u043d\u044c\u0448\u0430\u0435\u0442\u0441\u044f \u043a\u043e\u043b\u0438\u0447\u0435\u0441\u0442\u0432\u043e \u0433\u043e\u0440\u043c\u043e\u043d\u043e\u0432 \u0441\u0442\u0440\u0435\u0441\u0441\u0430. \u0427\u0435\u043b\u043e\u0432\u0435\u043a \u0432\u0445\u043e\u0434\u0438\u0442 \u0432 \u0440\u0435\u0441\u0443\u0440\u0441\u043d\u043e\u0435 \u0441\u043e\u0441\u0442\u043e\u044f\u043d\u0438\u0435, \u0432 \u043a\u043e\u0442\u043e\u0440\u043e\u043c \u0442\u0435\u043b\u043e, \u0431\u043b\u0430\u0433\u043e\u0434\u0430\u0440\u044f \u043f\u0440\u0438\u0440\u043e\u0434\u043d\u044b\u043c \u043c\u0435\u0445\u0430\u043d\u0438\u0437\u043c\u0430\u043c \u0441\u0430\u043c\u043e\u0440\u0435\u0433\u0443\u043b\u044f\u0446\u0438\u0438, \u043d\u0430\u0447\u0438\u043d\u0430\u0435\u0442 \u0432\u043e\u0441\u0441\u0442\u0430\u043d\u0430\u0432\u043b\u0438\u0432\u0430\u0442\u044c\u0441\u044f. \u041c\u043e\u0437\u0433\u043e\u0432\u044b\u0435 \u0432\u043e\u043b\u043d\u044b \u0437\u0430\u043c\u0435\u0434\u043b\u044f\u044e\u0442\u0441\u044f \u0434\u043e \u0442\u0435\u0442\u0430 \u0438 \u0434\u0435\u043b\u044c\u0442\u0430 \u0443\u0440\u043e\u0432\u043d\u044f, \u043f\u0440\u043e\u0438\u0441\u0445\u043e\u0434\u0438\u0442 \u0441\u0438\u043d\u0445\u0440\u043e\u043d\u0438\u0437\u0430\u0446\u0438\u044f \u043f\u043e\u043b\u0443\u0448\u0430\u0440\u0438\u0439, \u043d\u0430\u043b\u0430\u0436\u0438\u0432\u0430\u0435\u0442\u0441\u044f \u0441\u0432\u044f\u0437\u044c \u0441 \u043f\u043e\u0434\u0441\u043e\u0437\u043d\u0430\u043d\u0438\u0435\u043c, \u0443\u0441\u0438\u043b\u0438\u0432\u0430\u0435\u0442\u0441\u044f \u0438\u043d\u0442\u0443\u0438\u0446\u0438\u044f, \u0442\u0432\u043e\u0440\u0447\u0435\u0441\u043a\u0438\u0435 \u0441\u043f\u043e\u0441\u043e\u0431\u043d\u043e\u0441\u0442\u0438, \u0443\u043b\u0443\u0447\u0448\u0430\u0435\u0442\u0441\u044f \u043a\u0430\u0447\u0435\u0441\u0442\u0432\u043e \u0441\u043d\u0430. \u0417\u0412\u0423\u041a\u041e\u0412\u041e\u0419 \u041c\u0410\u0421\u0421\u0410\u0416 \u041f\u041e\u041c\u041e\u0413\u0410\u0415\u0422 \u043f\u043e\u0434\u043d\u044f\u0442\u044c \u0443\u0440\u043e\u0432\u0435\u043d\u044c \u0436\u0438\u0437\u043d\u0435\u043d\u043d\u043e\u0439 \u044d\u043d\u0435\u0440\u0433\u0438\u0438, \u043d\u043e\u0440\u043c\u0430\u043b\u0438\u0437\u043e\u0432\u0430\u0442\u044c \u0430\u0440\u0442\u0435\u0440\u0438\u0430\u043b\u044c\u043d\u043e\u0435 \u0434\u0430\u0432\u043b\u0435\u043d\u0438\u0435, \u0432\u043e\u0441\u0441\u0442\u0430\u043d\u043e\u0432\u0438\u0442\u044c \u0438\u043c\u043c\u0443\u043d\u043d\u0443\u044e \u0441\u0438\u0441\u0442\u0435\u043c\u0443, \u0438\u0437\u0431\u0430\u0432\u0438\u0442\u044c\u0441\u044f \u043e\u0442 \u0432\u044b\u0437\u0432\u0430\u043d\u043d\u044b\u0445 \u0441\u0442\u0440\u0435\u0441\u0441\u0430\u043c\u0438 \u0438 \u043d\u0435\u0433\u0430\u0442\u0438\u0432\u043d\u044b\u043c\u0438 \u044d\u043c\u043e\u0446\u0438\u044f\u043c\u0438 \u0437\u0430\u0436\u0438\u043c\u043e\u0432 \u043d\u0430 \u0444\u0438\u0437\u0438\u0447\u0435\u0441\u043a\u043e\u043c \u0443\u0440\u043e\u0432\u043d\u0435, \u0440\u0430\u0441\u0441\u043b\u0430\u0431\u0438\u0442\u044c\u0441\u044f \u0444\u0438\u0437\u0438\u0447\u0435\u0441\u043a\u0438 \u0438 \u044d\u043c\u043e\u0446\u0438\u043e\u043d\u0430\u043b\u044c\u043d\u043e, \u0438\u0437\u0431\u0430\u0432\u0438\u0442\u044c\u0441\u044f \u043e\u0442 \u0431\u0435\u0441\u0441\u043e\u043d\u043d\u0438\u0446\u044b, \u0441\u0438\u043d\u0445\u0440\u043e\u043d\u0438\u0437\u0438\u0440\u043e\u0432\u0430\u0442\u044c \u0440\u0430\u0431\u043e\u0442\u0443 \u043f\u0440\u0430\u0432\u043e\u0433\u043e \u0438 \u043b\u0435\u0432\u043e\u0433\u043e \u043f\u043e\u043b\u0443\u0448\u0430\u0440\u0438\u0439 \u043c\u043e\u0437\u0433\u0430, \u0443\u043b\u0443\u0447\u0448\u0438\u0442\u044c \u0441\u043f\u043e\u0441\u043e\u0431\u043d\u043e\u0441\u0442\u044c \u043a \u0441\u043e\u0441\u0440\u0435\u0434\u043e\u0442\u043e\u0447\u0435\u043d\u0438\u044e \u0438 \u043f\u043e\u0432\u044b\u0441\u0438\u0442\u044c \u0442\u0432\u043e\u0440\u0447\u0435\u0441\u043a\u0438\u0435 \u0441\u043f\u043e\u0441\u043e\u0431\u043d\u043e\u0441\u0442\u0438, \u0433\u0430\u0440\u043c\u043e\u043d\u0438\u0437\u0438\u0440\u043e\u0432\u0430\u0442\u044c \u043f\u0440\u043e\u0446\u0435\u0441\u0441 \u0434\u044b\u0445\u0430\u043d\u0438\u044f, \u0447\u0442\u043e, \u0441\u0430\u043c\u043e \u043f\u043e \u0441\u0435\u0431\u0435, \u043c\u043e\u0436\u0435\u0442 \u0438\u0437\u0431\u0430\u0432\u0438\u0442\u044c \u043e\u0442 \u043c\u043d\u043e\u0436\u0435\u0441\u0442\u0432\u0430 \u043f\u0440\u043e\u0431\u043b\u0435\u043c, \u0443\u043b\u0443\u0447\u0448\u0438\u0442\u044c \u0441\u043b\u0443\u0445, \u043f\u0440\u0438 \u0432\u043e\u0441\u0441\u0442\u0430\u043d\u043e\u0432\u043b\u0435\u043d\u0438\u0438 \u043a\u043e\u0441\u0442\u043d\u043e\u0439 \u0441\u0438\u0441\u0442\u0435\u043c\u044b. \u041f\u043b\u044e\u0441\u044b \u0442\u0430\u043a\u043e\u0433\u043e \u043c\u0430\u0441\u0441\u0430\u0436\u0430 \u043c\u0430\u0441\u0441\u0430\u0436 \u0432\u044b\u043f\u043e\u043b\u043d\u044f\u0435\u0442\u0441\u044f \u0432 \u043e\u0434\u0435\u0436\u0434\u0435, \u0438\u043c\u0435\u0435\u0442 \u0431\u043e\u043b\u0435\u0435 \u0433\u043b\u0443\u0431\u043e\u043a\u043e\u0435 \u0432\u043e\u0437\u0434\u0435\u0439\u0441\u0442\u0432\u0438\u0435, \u0441\u0438\u043b\u044c\u043d\u044b\u0439 \u043f\u0440\u043e\u0434\u043e\u043b\u0436\u0438\u0442\u0435\u043b\u044c\u043d\u044b\u0439 \u044d\u0444\u0444\u0435\u043a\u0442, \u043e\u0441\u0432\u043e\u0431\u043e\u0436\u0434\u0430\u0435\u0442 \u043e\u0442 \u043b\u044e\u0431\u043e\u0433\u043e \u043d\u0430\u043f\u0440\u044f\u0436\u0435\u043d\u0438\u044f \u043d\u0430 \u0444\u0438\u0437\u0438\u0447\u0435\u0441\u043a\u043e\u043c \u0438 \u044d\u043c\u043e\u0446\u0438\u043e\u043d\u0430\u043b\u044c\u043d\u043e\u043c \u0443\u0440\u043e\u0432\u043d\u0435, \u0438, \u043a\u043e\u043d\u0435\u0447\u043d\u043e \u0436\u0435, \u044d\u0442\u043e \u043d\u0438 \u0441 \u0447\u0435\u043c \u043d\u0435 \u0441\u0440\u0430\u0432\u043d\u0438\u043c\u043e\u0435 \u0443\u0434\u043e\u0432\u043e\u043b\u044c\u0441\u0442\u0432\u0438\u0435! \u0414\u0430\u0436\u0435 \u0437\u0430 \u043e\u0434\u0438\u043d \u0441\u0435\u0430\u043d\u0441 \u0432\u044b \u043f\u043e\u043b\u0443\u0447\u0438\u0442\u0435 \u043e\u043f\u044b\u0442 \u0440\u0430\u0441\u0441\u043b\u0430\u0431\u043b\u0435\u043d\u0438\u044f, \u0441\u043d\u044f\u0442\u0438\u044f \u043c\u044b\u0448\u0435\u0447\u043d\u043e\u0433\u043e \u043d\u0430\u043f\u0440\u044f\u0436\u0435\u043d\u0438\u044f, \u0432\u043e\u0441\u0441\u0442\u0430\u043d\u043e\u0432\u043b\u0435\u043d\u0438\u044f \u043f\u0441\u0438\u0445\u043e\u044d\u043c\u043e\u0446\u0438\u043e\u043d\u0430\u043b\u044c\u043d\u043e\u0433\u043e \u0441\u043e\u0441\u0442\u043e\u044f\u043d\u0438\u044f. \u042d\u0442\u043e \u043d\u043e\u0432\u044b\u0439 \u043e\u043f\u044b\u0442 \u0438 \u044f\u0440\u043a\u0438\u0435 \u0432\u043f\u0435\u0447\u0430\u0442\u043b\u0435\u043d\u0438\u044f \u043e\u0442 \u043e\u0449\u0443\u0449\u0435\u043d\u0438\u044f \u0437\u0432\u0443\u043a\u043e\u0432\u043e\u0439 \u0432\u0438\u0431\u0440\u0430\u0446\u0438\u0438 \u0432 \u0442\u0435\u043b\u0435 \u0438 \u043f\u0440\u0435\u0431\u044b\u0432\u0430\u043d\u0438\u044f \u0432 \u0438\u0437\u043c\u0435\u043d\u0435\u043d\u043d\u044b\u0445 \u0441\u043e\u0441\u0442\u043e\u044f\u043d\u0438\u044f\u0445 \u0441\u043e\u0437\u043d\u0430\u043d\u0438\u044f. \u0414\u043b\u044f \u043f\u043e\u043b\u0443\u0447\u0435\u043d\u0438\u044f \u0431\u043e\u043b\u0435\u0435 \u0434\u043b\u0438\u0442\u0435\u043b\u044c\u043d\u044b\u0445 \u0438 \u0441\u0442\u043e\u0439\u043a\u0438\u0445 \u0440\u0435\u0437\u0443\u043b\u044c\u0442\u0430\u0442\u043e\u0432\u00a0 \u043c\u044b \u0441\u043e\u0432\u0435\u0442\u0443\u0435\u043c \u043f\u0440\u043e\u0439\u0442\u0438 \u043a\u0443\u0440\u0441 \u0437\u0432\u0443\u043a\u043e\u0432\u043e\u0433\u043e \u043c\u0430\u0441\u0441\u0430\u0436\u0430\u00a0 \u0438\u0437 \u043d\u0435\u0441\u043a\u043e\u043b\u044c\u043a\u0438\u0445 \u0441\u0435\u0430\u043d\u0441\u043e\u0432.\u00a0 \u0421\u0422\u041e\u0418\u041c\u041e\u0421\u0422\u042c 65\u20ac \u0437\u0430 1-1.5 \u0447\u0430\u0441\u0430 (\u0437\u0430\u0432\u0438\u0441\u0438\u0442 \u043e\u0442 \u043a\u043e\u043c\u043f\u043b\u0435\u043a\u0446\u0438\u0438 \u0442\u0435\u043b\u0430) \u041a\u0443\u0440\u0441 10 \u0441\u0435\u0430\u043d\u0441\u043e\u0432 \u0437\u0430 600\u20ac. 110&nbsp;\u20ac &#8212; \u0437\u0432\u0443\u043a\u043e\u0432\u043e\u0439 \u043c\u0430\u0441\u0441\u0430\u0436 \u0434\u043b\u044f \u0434\u0432\u043e\u0438\u0445 (\u043f\u0440\u043e\u0432\u043e\u0434\u044f\u0442 2 \u0442\u0435\u0440\u0430\u043f\u0435\u0432\u0442\u0430) \u0415\u0441\u0442\u044c \u0432\u043e\u0437\u043c\u043e\u0436\u043d\u043e\u0441\u0442\u044c \u0437\u0430\u043a\u0430\u0437\u0430\u0442\u044c \u043f\u043e\u0434\u0430\u0440\u043e\u0447\u043d\u0443\u044e \u043a\u0430\u0440\u0442\u0443. \u0411\u0440\u043e\u043d\u0438\u0440\u043e\u0432\u0430\u043d\u0438\u0435 \u043f\u043e \u0442\u0435\u043b\u0435\u0444\u043e\u043d\u0443 \u0438\u043b\u0438 \u0435-\u043c\u0435\u0439\u043b\u0443. +372 562 852 29 (\u0414\u0435\u043d\u0438\u0441), +372 559 30 551 (\u041b\u0438\u043b\u0438\u044f) info@helid.ee<\/p>","protected":false},"author":1,"featured_media":0,"parent":7988,"menu_order":0,"comment_status":"closed","ping_status":"closed","template":"","meta":{"footnotes":""},"class_list":["post-8003","page","type-page","status-publish","hentry"],"_links":{"self":[{"href":"https:\/\/helid.ee\/et\/wp-json\/wp\/v2\/pages\/8003","targetHints":{"allow":["GET"]}}],"collection":[{"href":"https:\/\/helid.ee\/et\/wp-json\/wp\/v2\/pages"}],"about":[{"href":"https:\/\/helid.ee\/et\/wp-json\/wp\/v2\/types\/page"}],"author":[{"embeddable":true,"href":"https:\/\/helid.ee\/et\/wp-json\/wp\/v2\/users\/1"}],"replies":[{"embeddable":true,"href":"https:\/\/helid.ee\/et\/wp-json\/wp\/v2\/comments?post=8003"}],"version-history":[{"count":35,"href":"https:\/\/helid.ee\/et\/wp-json\/wp\/v2\/pages\/8003\/revisions"}],"predecessor-version":[{"id":10771,"href":"https:\/\/helid.ee\/et\/wp-json\/wp\/v2\/pages\/8003\/revisions\/10771"}],"up":[{"embeddable":true,"href":"https:\/\/helid.ee\/et\/wp-json\/wp\/v2\/pages\/7988"}],"wp:attachment":[{"href":"https:\/\/helid.ee\/et\/wp-json\/wp\/v2\/media?parent=8003"}],"curies":[{"name":"wp","href":"https:\/\/api.w.org\/{rel}","templated":true}]}}